{"id":46,"date":"2023-03-08T09:09:51","date_gmt":"2023-03-08T12:09:51","guid":{"rendered":"http:\/\/forthy.empresarial.ws\/?page_id=46"},"modified":"2024-05-14T19:38:11","modified_gmt":"2024-05-14T22:38:11","slug":"about","status":"publish","type":"page","link":"https:\/\/www.forthy.com.br\/?page_id=46","title":{"rendered":"About"},"content":{"rendered":"\t\t<div data-elementor-type=\"wp-page\" data-elementor-id=\"46\" class=\"elementor elementor-46\">\n\t\t\t\t\t\t\t\t\t<section class=\"elementor-section elementor-top-section elementor-element elementor-element-386a998 elementor-section-boxed elementor-section-height-default elementor-section-height-default\" data-id=\"386a998\" data-element_type=\"section\" data-settings=\"{&quot;background_background&quot;:&quot;classic&quot;}\">\n\t\t\t\t\t\t<div class=\"elementor-container elementor-column-gap-default\">\n\t\t\t\t\t<div class=\"elementor-column elementor-col-100 elementor-top-column elementor-element elementor-element-15ef56d\" data-id=\"15ef56d\" data-element_type=\"column\">\n\t\t\t<div class=\"elementor-widget-wrap elementor-element-populated\">\n\t\t\t\t\t\t\t\t<div class=\"elementor-element elementor-element-70edacc elementor-widget elementor-widget-heading\" data-id=\"70edacc\" data-element_type=\"widget\" data-widget_type=\"heading.default\">\n\t\t\t\t<div class=\"elementor-widget-container\">\n\t\t\t<style>\/*! elementor - v3.11.3 - 07-03-2023 *\/\n.elementor-heading-title{padding:0;margin:0;line-height:1}.elementor-widget-heading .elementor-heading-title[class*=elementor-size-]>a{color:inherit;font-size:inherit;line-height:inherit}.elementor-widget-heading .elementor-heading-title.elementor-size-small{font-size:15px}.elementor-widget-heading .elementor-heading-title.elementor-size-medium{font-size:19px}.elementor-widget-heading .elementor-heading-title.elementor-size-large{font-size:29px}.elementor-widget-heading .elementor-heading-title.elementor-size-xl{font-size:39px}.elementor-widget-heading .elementor-heading-title.elementor-size-xxl{font-size:59px}<\/style><h2 class=\"elementor-heading-title elementor-size-default\">Sobre a Empresa<\/h2>\t\t<\/div>\n\t\t\t\t<\/div>\n\t\t\t\t\t<\/div>\n\t\t<\/div>\n\t\t\t\t\t\t\t<\/div>\n\t\t<\/section>\n\t\t\t\t<section class=\"elementor-section elementor-top-section elementor-element elementor-element-bcff889 elementor-hidden-tablet elementor-hidden-mobile elementor-section-boxed elementor-section-height-default elementor-section-height-default\" data-id=\"bcff889\" data-element_type=\"section\">\n\t\t\t\t\t\t<div class=\"elementor-container elementor-column-gap-default\">\n\t\t\t\t\t<div class=\"elementor-column elementor-col-50 elementor-top-column elementor-element elementor-element-0e68a3e\" data-id=\"0e68a3e\" data-element_type=\"column\">\n\t\t\t<div class=\"elementor-widget-wrap elementor-element-populated\">\n\t\t\t\t\t\t\t\t<div class=\"elementor-element elementor-element-f4afca8 elementor-widget elementor-widget-image\" data-id=\"f4afca8\" data-element_type=\"widget\" data-widget_type=\"image.default\">\n\t\t\t\t<div class=\"elementor-widget-container\">\n\t\t\t<style>\/*! elementor - v3.11.3 - 07-03-2023 *\/\n.elementor-widget-image{text-align:center}.elementor-widget-image a{display:inline-block}.elementor-widget-image a img[src$=\".svg\"]{width:48px}.elementor-widget-image img{vertical-align:middle;display:inline-block}<\/style>\t\t\t\t\t\t\t\t\t\t\t\t<img loading=\"lazy\" decoding=\"async\" width=\"278\" height=\"300\" src=\"https:\/\/www.forthy.com.br\/wp-content\/uploads\/2024\/05\/Forthy-com-borda-no-F-curvo-278x300.png\" class=\"attachment-medium size-medium wp-image-595\" alt=\"\" srcset=\"https:\/\/www.forthy.com.br\/wp-content\/uploads\/2024\/05\/Forthy-com-borda-no-F-curvo-278x300.png 278w, https:\/\/www.forthy.com.br\/wp-content\/uploads\/2024\/05\/elementor\/thumbs\/Forthy-com-borda-no-F-curvo-qo5w11trww7tx4uaerm8l1257x6wn17or1fb0i3i70.png 140w, https:\/\/www.forthy.com.br\/wp-content\/uploads\/2024\/05\/Forthy-com-borda-no-F-curvo.png 576w\" sizes=\"auto, (max-width: 278px) 100vw, 278px\" \/>\t\t\t\t\t\t\t\t\t\t\t\t\t\t\t<\/div>\n\t\t\t\t<\/div>\n\t\t\t\t\t<\/div>\n\t\t<\/div>\n\t\t\t\t<div class=\"elementor-column elementor-col-50 elementor-top-column elementor-element elementor-element-edb4fe6\" data-id=\"edb4fe6\" data-element_type=\"column\">\n\t\t\t<div class=\"elementor-widget-wrap elementor-element-populated\">\n\t\t\t\t\t\t\t\t<div class=\"elementor-element elementor-element-a8669ad elementor-widget elementor-widget-heading\" data-id=\"a8669ad\" data-element_type=\"widget\" data-widget_type=\"heading.default\">\n\t\t\t\t<div class=\"elementor-widget-container\">\n\t\t\t<h2 class=\"elementor-heading-title elementor-size-default\">DESDE 1991<\/h2>\t\t<\/div>\n\t\t\t\t<\/div>\n\t\t\t\t<div class=\"elementor-element elementor-element-f452d76 elementor-widget elementor-widget-text-editor\" data-id=\"f452d76\" data-element_type=\"widget\" data-widget_type=\"text-editor.default\">\n\t\t\t\t<div class=\"elementor-widget-container\">\n\t\t\t<style>\/*! elementor - v3.11.3 - 07-03-2023 *\/\n.elementor-widget-text-editor.elementor-drop-cap-view-stacked .elementor-drop-cap{background-color:#818a91;color:#fff}.elementor-widget-text-editor.elementor-drop-cap-view-framed .elementor-drop-cap{color:#818a91;border:3px solid;background-color:transparent}.elementor-widget-text-editor:not(.elementor-drop-cap-view-default) .elementor-drop-cap{margin-top:8px}.elementor-widget-text-editor:not(.elementor-drop-cap-view-default) .elementor-drop-cap-letter{width:1em;height:1em}.elementor-widget-text-editor .elementor-drop-cap{float:left;text-align:center;line-height:1;font-size:50px}.elementor-widget-text-editor .elementor-drop-cap-letter{display:inline-block}<\/style>\t\t\t\t<p>A FORTHY TUBOS E CONEX\u00d5ES LTDA, deu inicio \u00e0s suas atividades a partir de 16 de julho de 1.991, como fabricante de KIT&#8217;S CAVALETES de ferro galvanizado para entrada de \u00e1gua, tendo posteriormente, obtido QUALIFICA\u00c7\u00c3O junto \u00e0 SABESP, permanecendo at\u00e9 \u00e0 presente data. Fabricamos qualquer tipo de kit cavalete, desde que tenhamos em m\u00e3os desenhos e medidas. Primamos pela qualidade de nossos produtos, utilizando mat\u00e9ria prima de primeira qualidade, agilidade no atendimento e nas entregas, obtendo com isso credibilidade junto aos nossos clientes e fornecedores.<\/p><p>\u00a0<\/p><p>\u00a0<\/p><p>\u00a0<\/p>\t\t\t\t\t\t<\/div>\n\t\t\t\t<\/div>\n\t\t\t\t\t<\/div>\n\t\t<\/div>\n\t\t\t\t\t\t\t<\/div>\n\t\t<\/section>\n\t\t\t\t<section class=\"elementor-section elementor-top-section elementor-element elementor-element-6785a87 elementor-hidden-desktop elementor-section-boxed elementor-section-height-default elementor-section-height-default\" data-id=\"6785a87\" data-element_type=\"section\">\n\t\t\t\t\t\t<div class=\"elementor-container elementor-column-gap-default\">\n\t\t\t\t\t<div class=\"elementor-column elementor-col-100 elementor-top-column elementor-element elementor-element-dde5209\" data-id=\"dde5209\" data-element_type=\"column\">\n\t\t\t<div class=\"elementor-widget-wrap elementor-element-populated\">\n\t\t\t\t\t\t\t\t<div class=\"elementor-element elementor-element-f46243c elementor-widget elementor-widget-image\" data-id=\"f46243c\" data-element_type=\"widget\" data-widget_type=\"image.default\">\n\t\t\t\t<div class=\"elementor-widget-container\">\n\t\t\t\t\t\t\t\t\t\t\t\t\t\t\t<img decoding=\"async\" src=\"https:\/\/www.forthy.com.br\/wp-content\/uploads\/elementor\/thumbs\/Forthy-com-borda-no-F-curvo-qo5w11trww7tx4uaerm8l1257x6wn17or1fb0i3i70.png\" title=\"Forthy-com-borda-no-F-curvo\" alt=\"Forthy-com-borda-no-F-curvo\" loading=\"lazy\" \/>\t\t\t\t\t\t\t\t\t\t\t\t\t\t\t<\/div>\n\t\t\t\t<\/div>\n\t\t\t\t<div class=\"elementor-element elementor-element-3faf09c elementor-widget elementor-widget-heading\" data-id=\"3faf09c\" data-element_type=\"widget\" data-widget_type=\"heading.default\">\n\t\t\t\t<div class=\"elementor-widget-container\">\n\t\t\t<h2 class=\"elementor-heading-title elementor-size-default\">DESDE 1991<\/h2>\t\t<\/div>\n\t\t\t\t<\/div>\n\t\t\t\t<div class=\"elementor-element elementor-element-dbcd59b elementor-widget elementor-widget-text-editor\" data-id=\"dbcd59b\" data-element_type=\"widget\" data-widget_type=\"text-editor.default\">\n\t\t\t\t<div class=\"elementor-widget-container\">\n\t\t\t\t\t\t\t<p>A FORTHY TUBOS E CONEX\u00d5ES LTDA, deu inicio \u00e0s suas atividades a partir de 16 de julho de 1.991, como fabricante de KIT&#8217;S CAVALETES de ferro galvanizado para entrada de \u00e1gua, tendo posteriormente, obtido QUALIFICA\u00c7\u00c3O junto \u00e0 SABESP, permanecendo at\u00e9 \u00e0 presente data. Fabricamos qualquer tipo de kit cavalete, desde que tenhamos em m\u00e3os desenhos e medidas. Primamos pela qualidade de nossos produtos, utilizando mat\u00e9ria prima de primeira qualidade, agilidade no atendimento e nas entregas, obtendo com isso credibilidade junto aos nossos clientes e fornecedores.<\/p>\t\t\t\t\t\t<\/div>\n\t\t\t\t<\/div>\n\t\t\t\t\t<\/div>\n\t\t<\/div>\n\t\t\t\t\t\t\t<\/div>\n\t\t<\/section>\n\t\t\t\t\t\t\t<\/div>\n\t\t","protected":false},"excerpt":{"rendered":"<p>Sobre a Empresa DESDE 1991 A FORTHY TUBOS E CONEX\u00d5ES LTDA, deu inicio \u00e0s suas atividades a partir de 16 de julho de 1.991, como fabricante de KIT&#8217;S CAVALETES de ferro galvanizado para entrada de \u00e1gua, tendo posteriormente, obtido QUALIFICA\u00c7\u00c3O junto \u00e0 SABESP, permanecendo at\u00e9 \u00e0 presente data. Fabricamos qualquer tipo de kit cavalete, desde [&hellip;]<\/p>\n","protected":false},"author":1,"featured_media":0,"parent":0,"menu_order":0,"comment_status":"closed","ping_status":"closed","template":"elementor_header_footer","meta":{"footnotes":""},"class_list":["post-46","page","type-page","status-publish","hentry"],"_links":{"self":[{"href":"https:\/\/www.forthy.com.br\/index.php?rest_route=\/wp\/v2\/pages\/46","targetHints":{"allow":["GET"]}}],"collection":[{"href":"https:\/\/www.forthy.com.br\/index.php?rest_route=\/wp\/v2\/pages"}],"about":[{"href":"https:\/\/www.forthy.com.br\/index.php?rest_route=\/wp\/v2\/types\/page"}],"author":[{"embeddable":true,"href":"https:\/\/www.forthy.com.br\/index.php?rest_route=\/wp\/v2\/users\/1"}],"replies":[{"embeddable":true,"href":"https:\/\/www.forthy.com.br\/index.php?rest_route=%2Fwp%2Fv2%2Fcomments&post=46"}],"version-history":[{"count":63,"href":"https:\/\/www.forthy.com.br\/index.php?rest_route=\/wp\/v2\/pages\/46\/revisions"}],"predecessor-version":[{"id":607,"href":"https:\/\/www.forthy.com.br\/index.php?rest_route=\/wp\/v2\/pages\/46\/revisions\/607"}],"wp:attachment":[{"href":"https:\/\/www.forthy.com.br\/index.php?rest_route=%2Fwp%2Fv2%2Fmedia&parent=46"}],"curies":[{"name":"wp","href":"https:\/\/api.w.org\/{rel}","templated":true}]}}